
{"id":47,"date":"2014-05-18T09:57:04","date_gmt":"2014-05-18T09:57:04","guid":{"rendered":"http:\/\/www.baz-art.ch\/2014\/?page_id=47"},"modified":"2015-01-07T19:28:02","modified_gmt":"2015-01-07T19:28:02","slug":"lassociation","status":"publish","type":"page","link":"http:\/\/www.baz-art.ch\/2014\/?page_id=47","title":{"rendered":"Info"},"content":{"rendered":"<div style=\"background-color: rgba(255, 255, 255, 0.8);\">\n<p>Encore!!!!!!!!!! et ouais&#8230;.. BAZ&#8217;ART 5\u00e8me \u00e9dition, d\u00e9j\u00e0!!&#8230;&#8230;. cette fois les chantiers sont derri\u00e8res (ou presque), BAZ&#8217;ART reprend donc ses quartiers dans la cour du 8 Rue Lissignol!! on se r\u00e9jouit!!! Comme d&#8217;habitude sinon, BAZ&#8217;ART sera \u00e0 nouveau monumental, et infiniment intimiste, \u00e7a d\u00e9pend ce que vous d\u00e9ciderez d&#8217;aller voir&#8230;&#8230; osez pousser les portes, BAZ&#8217;ART comme d&#8217;habitude demande aux visiteurs curiosit\u00e9s, ponctualit\u00e9s et ouverture d&#8217;\u00e9coutilles maximale<span style=\"color: #000000;\">,\u00a0<\/span><b style=\"color: #000000;\">mais pas un sous! Baz\u2019Art est enti\u00e8rement gratuit!<\/b>&#8230;&#8230; Soyez-l\u00e0!!<\/p>\n<p><em>Riche de quatre ann\u00e9es d&#8217;exp\u00e9rience et d&#8217;une volont\u00e9 totalement non commerciale, BAZ&#8217;ART offre une plate-forme non-conventionnelle et veut promouvoir des jeunes artistes en marge du concept de march\u00e9 de l\u2019art. Baz\u2019art valorise la cr\u00e9ation artistique locale, en soutenant et en renfor\u00e7ant les r\u00e9seaux cr\u00e9atifs existants, en se d\u00e9tachant de l\u2019\u0153uvre artistique r\u00e9glement\u00e9e, organis\u00e9e et trop souvent \u00e9litiste, en rendant celle-ci accessible au plus large public possible. Baz&#8217;art, c&#8217;est intervenir ensemble sur l\u2019espace public.<br \/>\n<\/em><\/p>\n<p style=\"text-align: center;\">**************************<\/p>\n<p class=\"p1\">BAZ\u2019ART is a platform for contemporary multidisciplinary creation, spreading lively urban art by transforming the street into a joyful undisciplined area. It came to life in 2010 in rue Lissignol, in Saint-Gervais. The neighbourhood stands out in Geneva for its community life and dynamic civic actions aimed at supportive coexistence. It\u2019s a unique urban island in Geneva \u2013 a model for a community habitat in town.<\/p>\n<p class=\"p1\">BAZ\u2019ART overflows with artists and makes a point of enhancing the local artistic scene. Lissignol appeals as an ideal place for artistic experiments that express the bold desire the neighbourhood embodies: to offer urban spaces for expressions and exhibitions that stimulate, encourage and develop relationships between artists, shopkeepers and users of the public space.<\/p>\n<p class=\"p1\">Some artists\u2019installations or concerts will take place in private homes. Access is therefore organised through guided tours or by inscription. Please sign up at the information stand, in rue Lissignol 8, on Saturday and Sunday between 1.30pm and 7pm.<\/p>\n<p class=\"p1\">BAZ\u2019ART\u2019s central refreshment area, as well as the festival\u2019s information stand, are open on Saturday between 1.30 pm and 11.pm and on Sunday between 1.30 pm and 9pm.<\/p>\n<p class=\"p1\">The event is completely free!<\/p>\n<p class=\"p1\">The programme involves over 80 artists and includes interactive plastic art interventions, sound performances and installations, concerts in apartments, experimental music performances, and badge and sound creation workshops\u2026<\/p>\n<p class=\"p1\">Most installations, performances or concerts are in situ creations, especially conceived for this unique platform and adapted to the different spaces.<\/p>\n<p class=\"p1\">The festival will start on Saturday 14 of June at 2pm with two special performances: Plaintube, an Alpine horn concert, and the Direction Survet group on Sunday.<\/p>\n<p class=\"p1\">This year, Baz\u2019art is especially looking forward to regaining use of the courtyard of rue Lissignol 8, which has been reopened after three years of renovation works. It\u2019s always been a place with a super-friendly atmosphere. To celebrate this, Baz\u2019art will end both evenings with two concerts that you can\u2019t miss. Pierre Omer\u2019s Swing Revue will close Saturday\u2019s festivities, and on Sunday there\u2019ll be a come back by the legendary <i>What\u2019s wrong with us?<\/i> \u2026<\/p>\n<p><a href=\"https:\/\/www.facebook.com\/profile.php?id=100005675086927\"><img loading=\"lazy\" class=\"alignleft wp-image-531 size-full\" src=\"http:\/\/www.baz-art.ch\/2014\/wp-content\/uploads\/2014\/05\/face.png\" alt=\"face\" width=\"48\" height=\"48\" \/><\/a>\u00a0 <a href=\"https:\/\/www.facebook.com\/profile.php?id=100005675086927\" target=\"_blank\">Notre page facebook!!!<\/a><\/p>\n<p>&nbsp;<\/p>\n<p>&nbsp;<\/p>\n<p>L&#8217;Association Baz&#8217;art de St &#8211; Gervais a pour but de favoriser la rencontre entre artistes et public dans les rues de St-Gervais. Elle veut offrir des espaces d\u2019expression et d\u2019exposition urbains qui stimulent, encouragent et d\u00e9veloppent la relation entre les artistes, les commer\u00e7ants et les habitants du quartier et d\u2019ailleurs.<\/p>\n<p>Si vous d\u00e9sirez devenir membre de l&#8217;Association Baz&#8217;Art de St &#8211; Gervais, veuillez \u00e9crire \u00e0 :<br \/>\nAssociation Baz&#8217;Art de St &#8211; Gervais<br \/>\nrue Lissignol 1 &#8211; 3<br \/>\n1201 Gen\u00e8ve<br \/>\nou par mail \u00e0 : festivalbazart@gmail.com<\/p>\n<p>Un grand merci \u00e0 l\u2019association \u00abActions civiques intempestives\u00bb sis au 1-3 rue Lissignol, \u00e0 l\u2019\u00abAssociation du Conseil G\u00e9n\u00e9ral\u00bb sis au 8 rue Lissignol en chantier encore ainsi qu&#8217;\u00e0 1M3 pour leur soutien et leur engagement. Remerciements tout particulier \u00e0 L\u00e9on Meynet et \u00e0 l\u2019Association du \u00abLEZ\u2019ARTS des Grottes\u00bb pour avoir mis le feu aux poudres en 2009, ainsi qu\u2019\u00e0 l\u2019Association \u00abpr\u00e9-en-bulle\u00bb pour les pr\u00e9cieux conseils du d\u00e9but. Remerciements aussi au th\u00e9\u00e2tre de l\u2019Usine pour le pr\u00eat de matos et bien sur \u00e0 tous les gens qui se sont impliqu\u00e9s dans l\u2019\u00e9v\u00e9nement de pr\u00eat ou de loin, au pass\u00e9, au pr\u00e9sent comme au futur.<\/p>\n<p>&nbsp;<\/p>\n<p><strong>\u00c9quipe<\/strong><br \/>\nprogrammation concerts\/perfos\/ateliers &amp; coordination g\u00e9n\u00e9rale : <strong>Simone Aubert<\/strong><br \/>\nprogrammation et coordination art plastique: <strong>Claire Mayet<\/strong><br \/>\nComptabilit\u00e9 : <strong>Aline Courvoisier<\/strong><br \/>\nBar &amp; point d\u2019info : <strong>Chiara Petrini &amp; Vincent Deblue &amp; Sara Andr\u00e9<\/strong><br \/>\nConception graphique &amp; mise en page : <strong>Dunja Stanic<\/strong><br \/>\nR\u00e9alisation du site internet: <strong>Jonathan Frigeri<\/strong><br \/>\nSignal\u00e9tique : <strong>Joyce Vuille<\/strong><br \/>\nTechnique\u00a0 : <strong>Ben Vicq, Laurent et Benouz\u00a0 (son) et Alain Brunner (montage expo)<\/strong><\/p>\n<p><strong>Association baz&#8217;art<\/strong><br \/>\nMembres du comit\u00e9 : <strong>Isabelle Greiner, Aline Courvoisier, Katharina Kreil, L\u00e9on Meynet, Maria Watzlawick et Moe Sieber!<\/strong><\/p>\n<p>&nbsp;<\/p>\n<hr \/>\n<p style=\"text-align: center;\"><span style=\"color: #ff00ff;\"><strong>Ici les derni\u00e8res \u00e9ditions de Baz-Art: <a href=\"http:\/\/www.baz-art.ch\/2013\/\" target=\"_blank\"><span style=\"color: #ff00ff;\">2013<\/span><\/a>\u00a0&#8211; <a href=\"http:\/\/baz-art.ch\/archive\/baz-art_2012\" target=\"_blank\"><span style=\"color: #ff00ff;\">2012<\/span><\/a>\u00a0&#8211; <a href=\"http:\/\/baz-art.ch\/archive\/baz-art_2011\" target=\"_blank\"><span style=\"color: #ff00ff;\">2011<\/span><\/a>\u00a0&#8211; <a href=\"http:\/\/baz-art.ch\/archive\/baz-art_2010\" target=\"_blank\"><span style=\"color: #ff00ff;\">2010<\/span><\/a><\/strong><\/span><\/p>\n<hr \/>\n<p><img loading=\"lazy\" class=\"wp-image-335 alignleft\" src=\"http:\/\/www.baz-art.ch\/2014\/wp-content\/uploads\/2014\/05\/VGE-soutien_pos_cmjn.jpg\" alt=\"VGE-soutien_pos_cmjn\" width=\"250\" height=\"50\" srcset=\"http:\/\/www.baz-art.ch\/2014\/wp-content\/uploads\/2014\/05\/VGE-soutien_pos_cmjn.jpg 1855w, http:\/\/www.baz-art.ch\/2014\/wp-content\/uploads\/2014\/05\/VGE-soutien_pos_cmjn-300x60.jpg 300w, http:\/\/www.baz-art.ch\/2014\/wp-content\/uploads\/2014\/05\/VGE-soutien_pos_cmjn-1024x205.jpg 1024w\" sizes=\"(max-width: 250px) 100vw, 250px\" \/><img loading=\"lazy\" class=\"wp-image-337 alignleft\" src=\"http:\/\/www.baz-art.ch\/2014\/wp-content\/uploads\/2014\/05\/logo_LotRomande.jpg\" alt=\"logo_LotRomande\" width=\"199\" height=\"49\" srcset=\"http:\/\/www.baz-art.ch\/2014\/wp-content\/uploads\/2014\/05\/logo_LotRomande.jpg 1772w, http:\/\/www.baz-art.ch\/2014\/wp-content\/uploads\/2014\/05\/logo_LotRomande-300x73.jpg 300w, http:\/\/www.baz-art.ch\/2014\/wp-content\/uploads\/2014\/05\/logo_LotRomande-1024x251.jpg 1024w\" sizes=\"(max-width: 199px) 100vw, 199px\" \/><img loading=\"lazy\" class=\"wp-image-338 alignleft\" src=\"http:\/\/www.baz-art.ch\/2014\/wp-content\/uploads\/2014\/05\/logo+fonce022.jpg\" alt=\"logo+fonce022\" width=\"57\" height=\"48\" srcset=\"http:\/\/www.baz-art.ch\/2014\/wp-content\/uploads\/2014\/05\/logo+fonce022.jpg 1150w, http:\/\/www.baz-art.ch\/2014\/wp-content\/uploads\/2014\/05\/logo+fonce022-300x253.jpg 300w, http:\/\/www.baz-art.ch\/2014\/wp-content\/uploads\/2014\/05\/logo+fonce022-1024x863.jpg 1024w\" sizes=\"(max-width: 57px) 100vw, 57px\" \/><\/p>\n<\/div>\n","protected":false},"excerpt":{"rendered":"<p>Encore!!!!!!!!!! et ouais&#8230;.. BAZ&#8217;ART 5\u00e8me \u00e9dition, d\u00e9j\u00e0!!&#8230;&#8230;. cette fois les chantiers sont derri\u00e8res (ou presque), BAZ&#8217;ART reprend donc ses quartiers dans la cour du 8 Rue Lissignol!! on se r\u00e9jouit!!! Comme d&#8217;habitude sinon, BAZ&#8217;ART sera \u00e0 nouveau monumental, et infiniment intimiste, \u00e7a d\u00e9pend ce que vous d\u00e9ciderez d&#8217;aller voir&#8230;&#8230; osez pousser les portes, BAZ&#8217;ART comme [&hellip;]<\/p>\n","protected":false},"author":1,"featured_media":0,"parent":0,"menu_order":0,"comment_status":"open","ping_status":"open","template":"","meta":[],"_links":{"self":[{"href":"http:\/\/www.baz-art.ch\/2014\/index.php?rest_route=\/wp\/v2\/pages\/47"}],"collection":[{"href":"http:\/\/www.baz-art.ch\/2014\/index.php?rest_route=\/wp\/v2\/pages"}],"about":[{"href":"http:\/\/www.baz-art.ch\/2014\/index.php?rest_route=\/wp\/v2\/types\/page"}],"author":[{"embeddable":true,"href":"http:\/\/www.baz-art.ch\/2014\/index.php?rest_route=\/wp\/v2\/users\/1"}],"replies":[{"embeddable":true,"href":"http:\/\/www.baz-art.ch\/2014\/index.php?rest_route=%2Fwp%2Fv2%2Fcomments&post=47"}],"version-history":[{"count":12,"href":"http:\/\/www.baz-art.ch\/2014\/index.php?rest_route=\/wp\/v2\/pages\/47\/revisions"}],"predecessor-version":[{"id":710,"href":"http:\/\/www.baz-art.ch\/2014\/index.php?rest_route=\/wp\/v2\/pages\/47\/revisions\/710"}],"wp:attachment":[{"href":"http:\/\/www.baz-art.ch\/2014\/index.php?rest_route=%2Fwp%2Fv2%2Fmedia&parent=47"}],"curies":[{"name":"wp","href":"https:\/\/api.w.org\/{rel}","templated":true}]}}